{"id":2015,"date":"2022-05-20T11:26:32","date_gmt":"2022-05-20T10:26:32","guid":{"rendered":"https:\/\/perelopezdecoca.com\/privacidad\/"},"modified":"2025-02-11T12:42:43","modified_gmt":"2025-02-11T11:42:43","slug":"privacidad","status":"publish","type":"page","link":"https:\/\/perelopezdecoca.com\/es\/privacidad\/","title":{"rendered":"Privacidad"},"content":{"rendered":"\t\t<div data-elementor-type=\"wp-page\" data-elementor-id=\"2015\" class=\"elementor elementor-2015 elementor-362\" data-elementor-post-type=\"page\">\n\t\t\t\t\t\t<section class=\"elementor-section elementor-top-section elementor-element elementor-element-3b0278b elementor-section-boxed elementor-section-height-default elementor-section-height-default\" data-id=\"3b0278b\" data-element_type=\"section\" data-settings=\"{&quot;background_background&quot;:&quot;classic&quot;}\">\n\t\t\t\t\t\t\t<div class=\"elementor-background-overlay\"><\/div>\n\t\t\t\t\t\t\t<div class=\"elementor-container elementor-column-gap-default\">\n\t\t\t\t\t<div class=\"elementor-column elementor-col-100 elementor-top-column elementor-element elementor-element-4151f249\" data-id=\"4151f249\" data-element_type=\"column\">\n\t\t\t<div class=\"elementor-widget-wrap elementor-element-populated\">\n\t\t\t\t\t\t<div class=\"elementor-element elementor-element-53f7b455 elementor-widget elementor-widget-heading\" data-id=\"53f7b455\" data-element_type=\"widget\" data-widget_type=\"heading.default\">\n\t\t\t\t<div class=\"elementor-widget-container\">\n\t\t\t\t\t<h1 class=\"elementor-heading-title elementor-size-default\">Pol\u00edtica de Privacidad<\/h1>\t\t\t\t<\/div>\n\t\t\t\t<\/div>\n\t\t\t\t<div class=\"elementor-element elementor-element-fe14da5 elementor-widget elementor-widget-pp-divider\" data-id=\"fe14da5\" data-element_type=\"widget\" data-widget_type=\"pp-divider.default\">\n\t\t\t\t<div class=\"elementor-widget-container\">\n\t\t\t\t\t\t\t<div class=\"pp-divider-wrap\">\n\t\t\t\t\t\t\t<div class=\"pp-divider pp-divider-horizontal horizontal\"><\/div>\n\t\t\t\t\t\t<\/div>    \n\t\t\t\t\t\t<\/div>\n\t\t\t\t<\/div>\n\t\t\t\t\t<\/div>\n\t\t<\/div>\n\t\t\t\t\t<\/div>\n\t\t<\/section>\n\t\t\t\t<section class=\"elementor-section elementor-top-section elementor-element elementor-element-2347eaa elementor-section-boxed elementor-section-height-default elementor-section-height-default\" data-id=\"2347eaa\" data-element_type=\"section\">\n\t\t\t\t\t\t<div class=\"elementor-container elementor-column-gap-default\">\n\t\t\t\t\t<div class=\"elementor-column elementor-col-100 elementor-top-column elementor-element elementor-element-6043de55\" data-id=\"6043de55\" data-element_type=\"column\">\n\t\t\t<div class=\"elementor-widget-wrap elementor-element-populated\">\n\t\t\t\t\t\t<section class=\"elementor-section elementor-inner-section elementor-element elementor-element-74761f51 elementor-section-boxed elementor-section-height-default elementor-section-height-default\" data-id=\"74761f51\" data-element_type=\"section\">\n\t\t\t\t\t\t<div class=\"elementor-container elementor-column-gap-default\">\n\t\t\t\t\t<div class=\"elementor-column elementor-col-100 elementor-inner-column elementor-element elementor-element-27c65ec2\" data-id=\"27c65ec2\" data-element_type=\"column\">\n\t\t\t<div class=\"elementor-widget-wrap elementor-element-populated\">\n\t\t\t\t\t\t<div class=\"elementor-element elementor-element-3f24605c elementor-widget elementor-widget-heading\" data-id=\"3f24605c\" data-element_type=\"widget\" data-widget_type=\"heading.default\">\n\t\t\t\t<div class=\"elementor-widget-container\">\n\t\t\t\t\t<h4 class=\"elementor-heading-title elementor-size-default\">Privacidad<\/h4>\t\t\t\t<\/div>\n\t\t\t\t<\/div>\n\t\t\t\t\t<\/div>\n\t\t<\/div>\n\t\t\t\t\t<\/div>\n\t\t<\/section>\n\t\t\t\t<div class=\"elementor-element elementor-element-857c78e elementor-widget elementor-widget-text-editor\" data-id=\"857c78e\" data-element_type=\"widget\" data-widget_type=\"text-editor.default\">\n\t\t\t\t<div class=\"elementor-widget-container\">\n\t\t\t\t\t\t\t\t\t<p><strong>PERE LOPEZ DE COCA\u00a0<\/strong>(en adelante \u201c<strong>PERE\u00a0LOPEZ<\/strong>\u201d) le informa de su pol\u00edtica sobre protecci\u00f3n de datos de car\u00e1cter personal.<\/p>\n<p><strong>PERE LOPEZ<\/strong>\u00a0se reserva el derecho a modificarla, inform\u00e1ndole previamente de los cambios que se produzcan, mediante este aviso.<\/p>\n<p>Usted facilita voluntariamente sus datos personales, mediante cualquier formulario de este sitio web o en un mensaje de correo electr\u00f3nico, y aceptando su env\u00edo, autoriza expresamente\u00a0<strong>PERE\u00a0LOPEZ<\/strong>\u00a0para que trate e incorpore en un fichero de su propiedad los datos remitidos.<\/p>\n<p>La finalidad de la recogida y el tratamiento de los datos personales que nos facilite es poder contactar con usted para gestionar su demanda, darle respuesta e informarle sobre los servicios que ofrece esta entidad, a trav\u00e9s de cualquier medio de comunicaci\u00f3n, incluso el correo electr\u00f3nico y sms.<\/p>\n<p><strong>PERE LOPEZ<\/strong>\u00a0ha adoptado las medidas t\u00e9cnicas necesarias para evitar la alteraci\u00f3n, p\u00e9rdida o tratamiento no autorizado de los datos personales que nos facilite, dadas las limitaciones que presenta Internet. En particular, \u00a0<strong>PERE LOPEZ<\/strong>\u00a0garantiza la aplicaci\u00f3n de las medidas de seguridad recogidas en el RD 1720\/2007, de 21 de diciembre, por el que se aprueba el Reglamento de Desarrollo de la Ley Org\u00e1nica de Protecci\u00f3n de Datos y, en su caso, la normativa vigente y de aplicaci\u00f3n en cada momento.<\/p>\n<p><strong>PERE LOPEZ<\/strong>\u00a0manifiesta su compromiso de confidencialidad hacia el tratamiento de sus datos\u00a0<span style=\"font-family: -apple-system, BlinkMacSystemFont,;\">personals.<\/span><\/p>\n<p>En todo momento usted tiene derecho a acceder a la informaci\u00f3n que le afecta, rectificarla si es err\u00f3nea, cancelarla u oponerse a que sea tratada, dirigi\u00e9ndose por correo electr\u00f3nico a la direcci\u00f3n\u00a0<a href=\"mailto:info@perelopezdecoca.com\">info@perelopezdecoca.com<\/a>\u00a0o por escrito a\u00a0<strong>PERE LOPEZ<\/strong>, Ctra. Barcelona 2, 4t 3a 17003 Girona.<\/p>\n<p><strong>PERE LOPEZ<\/strong>\u00a0utiliza cookies de Google Analytics para obtener m\u00e1s informaci\u00f3n sobre las cookies de terceros que se utilizan haga clic\u00a0<a href=\"https:\/\/montepiogirona.com\/ca\/41-scrpt-poltica-de-cookies.html\">aqu\u00ed<\/a>.<\/p>\n<p>Esta pol\u00edtica de privacidad s\u00f3lo es aplicable al sitio web de\u00a0<strong>PERE LOPEZ<\/strong>, por lo que no se garantiza en los accesos a trav\u00e9s de enlaces con este sitio, ni en los enlaces desde este sitio con otras webs.<\/p>\n\t\t\t\t\t\t\t\t<\/div>\n\t\t\t\t<\/div>\n\t\t\t\t\t<\/div>\n\t\t<\/div>\n\t\t\t\t\t<\/div>\n\t\t<\/section>\n\t\t\t\t<section class=\"elementor-section elementor-top-section elementor-element elementor-element-2dab04f8 elementor-section-boxed elementor-section-height-default elementor-section-height-default\" data-id=\"2dab04f8\" data-element_type=\"section\" data-settings=\"{&quot;background_background&quot;:&quot;classic&quot;}\">\n\t\t\t\t\t\t<div class=\"elementor-container elementor-column-gap-default\">\n\t\t\t\t\t<div class=\"elementor-column elementor-col-66 elementor-top-column elementor-element elementor-element-5e4a635\" data-id=\"5e4a635\" data-element_type=\"column\">\n\t\t\t<div class=\"elementor-widget-wrap elementor-element-populated\">\n\t\t\t\t\t\t<div class=\"elementor-element elementor-element-352fbf5 elementor-widget elementor-widget-heading\" data-id=\"352fbf5\" data-element_type=\"widget\" data-widget_type=\"heading.default\">\n\t\t\t\t<div class=\"elementor-widget-container\">\n\t\t\t\t\t<h3 class=\"elementor-heading-title elementor-size-default\">Trabajamos juntos<\/h3>\t\t\t\t<\/div>\n\t\t\t\t<\/div>\n\t\t\t\t<div class=\"elementor-element elementor-element-2195d09e elementor-widget elementor-widget-text-editor\" data-id=\"2195d09e\" data-element_type=\"widget\" data-widget_type=\"text-editor.default\">\n\t\t\t\t<div class=\"elementor-widget-container\">\n\t\t\t\t\t\t\t\t\t<p>Confianza, calidad y experiencia<\/p>\n\t\t\t\t\t\t\t\t<\/div>\n\t\t\t\t<\/div>\n\t\t\t\t\t<\/div>\n\t\t<\/div>\n\t\t\t\t<div class=\"elementor-column elementor-col-33 elementor-top-column elementor-element elementor-element-635295f5\" data-id=\"635295f5\" data-element_type=\"column\">\n\t\t\t<div class=\"elementor-widget-wrap elementor-element-populated\">\n\t\t\t\t\t\t<div class=\"elementor-element elementor-element-42775c51 elementor-align-right elementor-mobile-align-center elementor-widget elementor-widget-button\" data-id=\"42775c51\" data-element_type=\"widget\" data-widget_type=\"button.default\">\n\t\t\t\t<div class=\"elementor-widget-container\">\n\t\t\t\t\t\t\t\t\t<div class=\"elementor-button-wrapper\">\n\t\t\t\t\t<a class=\"elementor-button elementor-button-link elementor-size-md\" href=\"https:\/\/perelopezdecoca.com\/es\/contacto\/\">\n\t\t\t\t\t\t<span class=\"elementor-button-content-wrapper\">\n\t\t\t\t\t\t\t\t\t<span class=\"elementor-button-text\">CONTACTA<\/span>\n\t\t\t\t\t<\/span>\n\t\t\t\t\t<\/a>\n\t\t\t\t<\/div>\n\t\t\t\t\t\t\t\t<\/div>\n\t\t\t\t<\/div>\n\t\t\t\t\t<\/div>\n\t\t<\/div>\n\t\t\t\t\t<\/div>\n\t\t<\/section>\n\t\t\t\t<\/div>\n\t\t","protected":false},"excerpt":{"rendered":"<p>Pol\u00edtica de Privacidad Privacidad PERE LOPEZ DE COCA\u00a0(en adelante \u201cPERE\u00a0LOPEZ\u201d) le informa de su pol\u00edtica sobre protecci\u00f3n de datos de car\u00e1cter personal. PERE LOPEZ\u00a0se reserva el derecho a modificarla, inform\u00e1ndole previamente de los cambios que se produzcan, mediante este aviso. Usted facilita voluntariamente sus datos personales, mediante cualquier formulario de este sitio web o en [&hellip;]<\/p>\n","protected":false},"author":1,"featured_media":0,"parent":0,"menu_order":300,"comment_status":"closed","ping_status":"closed","template":"elementor_header_footer","meta":{"footnotes":""},"class_list":["post-2015","page","type-page","status-publish","hentry"],"yoast_head":"<!-- This site is optimized with the Yoast SEO plugin v26.4 - https:\/\/yoast.com\/wordpress\/plugins\/seo\/ -->\n<title>Privacidad - Advocats Girona<\/title>\n<meta name=\"robots\" content=\"index, follow, max-snippet:-1, max-image-preview:large, max-video-preview:-1\" \/>\n<link rel=\"canonical\" href=\"https:\/\/perelopezdecoca.com\/es\/privacidad\/\" \/>\n<meta property=\"og:locale\" content=\"es_ES\" \/>\n<meta property=\"og:type\" content=\"article\" \/>\n<meta property=\"og:title\" content=\"Privacidad - Advocats Girona\" \/>\n<meta property=\"og:description\" content=\"Pol\u00edtica de Privacidad Privacidad PERE LOPEZ DE COCA\u00a0(en adelante \u201cPERE\u00a0LOPEZ\u201d) le informa de su pol\u00edtica sobre protecci\u00f3n de datos de car\u00e1cter personal. PERE LOPEZ\u00a0se reserva el derecho a modificarla, inform\u00e1ndole previamente de los cambios que se produzcan, mediante este aviso. Usted facilita voluntariamente sus datos personales, mediante cualquier formulario de este sitio web o en [&hellip;]\" \/>\n<meta property=\"og:url\" content=\"https:\/\/perelopezdecoca.com\/es\/privacidad\/\" \/>\n<meta property=\"og:site_name\" content=\"Advocats Girona\" \/>\n<meta property=\"article:modified_time\" content=\"2025-02-11T11:42:43+00:00\" \/>\n<meta name=\"twitter:card\" content=\"summary_large_image\" \/>\n<meta name=\"twitter:label1\" content=\"Tiempo de lectura\" \/>\n\t<meta name=\"twitter:data1\" content=\"2 minutos\" \/>\n<script type=\"application\/ld+json\" class=\"yoast-schema-graph\">{\"@context\":\"https:\/\/schema.org\",\"@graph\":[{\"@type\":\"WebPage\",\"@id\":\"https:\/\/perelopezdecoca.com\/es\/privacidad\/\",\"url\":\"https:\/\/perelopezdecoca.com\/es\/privacidad\/\",\"name\":\"Privacidad - Advocats Girona\",\"isPartOf\":{\"@id\":\"https:\/\/perelopezdecoca.com\/#website\"},\"datePublished\":\"2022-05-20T10:26:32+00:00\",\"dateModified\":\"2025-02-11T11:42:43+00:00\",\"breadcrumb\":{\"@id\":\"https:\/\/perelopezdecoca.com\/es\/privacidad\/#breadcrumb\"},\"inLanguage\":\"es\",\"potentialAction\":[{\"@type\":\"ReadAction\",\"target\":[\"https:\/\/perelopezdecoca.com\/es\/privacidad\/\"]}]},{\"@type\":\"BreadcrumbList\",\"@id\":\"https:\/\/perelopezdecoca.com\/es\/privacidad\/#breadcrumb\",\"itemListElement\":[{\"@type\":\"ListItem\",\"position\":1,\"name\":\"Inici\",\"item\":\"https:\/\/perelopezdecoca.com\/es\/\"},{\"@type\":\"ListItem\",\"position\":2,\"name\":\"Privacidad\"}]},{\"@type\":\"WebSite\",\"@id\":\"https:\/\/perelopezdecoca.com\/#website\",\"url\":\"https:\/\/perelopezdecoca.com\/\",\"name\":\"Advocats Girona\",\"description\":\"perelopezdecoca\",\"publisher\":{\"@id\":\"https:\/\/perelopezdecoca.com\/#organization\"},\"potentialAction\":[{\"@type\":\"SearchAction\",\"target\":{\"@type\":\"EntryPoint\",\"urlTemplate\":\"https:\/\/perelopezdecoca.com\/?s={search_term_string}\"},\"query-input\":{\"@type\":\"PropertyValueSpecification\",\"valueRequired\":true,\"valueName\":\"search_term_string\"}}],\"inLanguage\":\"es\"},{\"@type\":\"Organization\",\"@id\":\"https:\/\/perelopezdecoca.com\/#organization\",\"name\":\"Advocats Girona\",\"url\":\"https:\/\/perelopezdecoca.com\/\",\"logo\":{\"@type\":\"ImageObject\",\"inLanguage\":\"es\",\"@id\":\"https:\/\/perelopezdecoca.com\/#\/schema\/logo\/image\/\",\"url\":\"https:\/\/perelopezdecoca.com\/wp-content\/uploads\/cropped-LOGO-OK3.png\",\"contentUrl\":\"https:\/\/perelopezdecoca.com\/wp-content\/uploads\/cropped-LOGO-OK3.png\",\"width\":5449,\"height\":1324,\"caption\":\"Advocats Girona\"},\"image\":{\"@id\":\"https:\/\/perelopezdecoca.com\/#\/schema\/logo\/image\/\"}}]}<\/script>\n<!-- \/ Yoast SEO plugin. -->","yoast_head_json":{"title":"Privacidad - Advocats Girona","robots":{"index":"index","follow":"follow","max-snippet":"max-snippet:-1","max-image-preview":"max-image-preview:large","max-video-preview":"max-video-preview:-1"},"canonical":"https:\/\/perelopezdecoca.com\/es\/privacidad\/","og_locale":"es_ES","og_type":"article","og_title":"Privacidad - Advocats Girona","og_description":"Pol\u00edtica de Privacidad Privacidad PERE LOPEZ DE COCA\u00a0(en adelante \u201cPERE\u00a0LOPEZ\u201d) le informa de su pol\u00edtica sobre protecci\u00f3n de datos de car\u00e1cter personal. PERE LOPEZ\u00a0se reserva el derecho a modificarla, inform\u00e1ndole previamente de los cambios que se produzcan, mediante este aviso. Usted facilita voluntariamente sus datos personales, mediante cualquier formulario de este sitio web o en [&hellip;]","og_url":"https:\/\/perelopezdecoca.com\/es\/privacidad\/","og_site_name":"Advocats Girona","article_modified_time":"2025-02-11T11:42:43+00:00","twitter_card":"summary_large_image","twitter_misc":{"Tiempo de lectura":"2 minutos"},"schema":{"@context":"https:\/\/schema.org","@graph":[{"@type":"WebPage","@id":"https:\/\/perelopezdecoca.com\/es\/privacidad\/","url":"https:\/\/perelopezdecoca.com\/es\/privacidad\/","name":"Privacidad - Advocats Girona","isPartOf":{"@id":"https:\/\/perelopezdecoca.com\/#website"},"datePublished":"2022-05-20T10:26:32+00:00","dateModified":"2025-02-11T11:42:43+00:00","breadcrumb":{"@id":"https:\/\/perelopezdecoca.com\/es\/privacidad\/#breadcrumb"},"inLanguage":"es","potentialAction":[{"@type":"ReadAction","target":["https:\/\/perelopezdecoca.com\/es\/privacidad\/"]}]},{"@type":"BreadcrumbList","@id":"https:\/\/perelopezdecoca.com\/es\/privacidad\/#breadcrumb","itemListElement":[{"@type":"ListItem","position":1,"name":"Inici","item":"https:\/\/perelopezdecoca.com\/es\/"},{"@type":"ListItem","position":2,"name":"Privacidad"}]},{"@type":"WebSite","@id":"https:\/\/perelopezdecoca.com\/#website","url":"https:\/\/perelopezdecoca.com\/","name":"Advocats Girona","description":"perelopezdecoca","publisher":{"@id":"https:\/\/perelopezdecoca.com\/#organization"},"potentialAction":[{"@type":"SearchAction","target":{"@type":"EntryPoint","urlTemplate":"https:\/\/perelopezdecoca.com\/?s={search_term_string}"},"query-input":{"@type":"PropertyValueSpecification","valueRequired":true,"valueName":"search_term_string"}}],"inLanguage":"es"},{"@type":"Organization","@id":"https:\/\/perelopezdecoca.com\/#organization","name":"Advocats Girona","url":"https:\/\/perelopezdecoca.com\/","logo":{"@type":"ImageObject","inLanguage":"es","@id":"https:\/\/perelopezdecoca.com\/#\/schema\/logo\/image\/","url":"https:\/\/perelopezdecoca.com\/wp-content\/uploads\/cropped-LOGO-OK3.png","contentUrl":"https:\/\/perelopezdecoca.com\/wp-content\/uploads\/cropped-LOGO-OK3.png","width":5449,"height":1324,"caption":"Advocats Girona"},"image":{"@id":"https:\/\/perelopezdecoca.com\/#\/schema\/logo\/image\/"}}]}},"_links":{"self":[{"href":"https:\/\/perelopezdecoca.com\/es\/wp-json\/wp\/v2\/pages\/2015","targetHints":{"allow":["GET"]}}],"collection":[{"href":"https:\/\/perelopezdecoca.com\/es\/wp-json\/wp\/v2\/pages"}],"about":[{"href":"https:\/\/perelopezdecoca.com\/es\/wp-json\/wp\/v2\/types\/page"}],"author":[{"embeddable":true,"href":"https:\/\/perelopezdecoca.com\/es\/wp-json\/wp\/v2\/users\/1"}],"replies":[{"embeddable":true,"href":"https:\/\/perelopezdecoca.com\/es\/wp-json\/wp\/v2\/comments?post=2015"}],"version-history":[{"count":3,"href":"https:\/\/perelopezdecoca.com\/es\/wp-json\/wp\/v2\/pages\/2015\/revisions"}],"predecessor-version":[{"id":2330,"href":"https:\/\/perelopezdecoca.com\/es\/wp-json\/wp\/v2\/pages\/2015\/revisions\/2330"}],"wp:attachment":[{"href":"https:\/\/perelopezdecoca.com\/es\/wp-json\/wp\/v2\/media?parent=2015"}],"curies":[{"name":"wp","href":"https:\/\/api.w.org\/{rel}","templated":true}]}}