{"id":1999,"date":"2022-05-20T09:41:34","date_gmt":"2022-05-20T08:41:34","guid":{"rendered":"https:\/\/perelopezdecoca.com\/cookies\/"},"modified":"2025-02-24T17:39:31","modified_gmt":"2025-02-24T16:39:31","slug":"cookies","status":"publish","type":"page","link":"https:\/\/perelopezdecoca.com\/es\/cookies\/","title":{"rendered":"Cookies"},"content":{"rendered":"\t\t<div data-elementor-type=\"wp-page\" data-elementor-id=\"1999\" class=\"elementor elementor-1999 elementor-320\" data-elementor-post-type=\"page\">\n\t\t\t\t\t\t<section class=\"elementor-section elementor-top-section elementor-element elementor-element-4b067cf3 elementor-section-boxed elementor-section-height-default elementor-section-height-default\" data-id=\"4b067cf3\" data-element_type=\"section\" data-settings=\"{&quot;background_background&quot;:&quot;classic&quot;}\">\n\t\t\t\t\t\t\t<div class=\"elementor-background-overlay\"><\/div>\n\t\t\t\t\t\t\t<div class=\"elementor-container elementor-column-gap-default\">\n\t\t\t\t\t<div class=\"elementor-column elementor-col-100 elementor-top-column elementor-element elementor-element-26c9ee0f\" data-id=\"26c9ee0f\" data-element_type=\"column\">\n\t\t\t<div class=\"elementor-widget-wrap elementor-element-populated\">\n\t\t\t\t\t\t<div class=\"elementor-element elementor-element-3477b058 elementor-widget elementor-widget-heading\" data-id=\"3477b058\" data-element_type=\"widget\" data-widget_type=\"heading.default\">\n\t\t\t\t<div class=\"elementor-widget-container\">\n\t\t\t\t\t<h1 class=\"elementor-heading-title elementor-size-default\">Pol\u00edtica de Cookies<\/h1>\t\t\t\t<\/div>\n\t\t\t\t<\/div>\n\t\t\t\t<div class=\"elementor-element elementor-element-48bd42a6 elementor-widget elementor-widget-pp-divider\" data-id=\"48bd42a6\" data-element_type=\"widget\" data-widget_type=\"pp-divider.default\">\n\t\t\t\t<div class=\"elementor-widget-container\">\n\t\t\t\t\t\t\t<div class=\"pp-divider-wrap\">\n\t\t\t\t\t\t\t<div class=\"pp-divider pp-divider-horizontal horizontal\"><\/div>\n\t\t\t\t\t\t<\/div>    \n\t\t\t\t\t\t<\/div>\n\t\t\t\t<\/div>\n\t\t\t\t\t<\/div>\n\t\t<\/div>\n\t\t\t\t\t<\/div>\n\t\t<\/section>\n\t\t\t\t<section class=\"elementor-section elementor-top-section elementor-element elementor-element-697c4f8 elementor-section-boxed elementor-section-height-default elementor-section-height-default\" data-id=\"697c4f8\" data-element_type=\"section\">\n\t\t\t\t\t\t<div class=\"elementor-container elementor-column-gap-default\">\n\t\t\t\t\t<div class=\"elementor-column elementor-col-100 elementor-top-column elementor-element elementor-element-25e29d7e\" data-id=\"25e29d7e\" data-element_type=\"column\">\n\t\t\t<div class=\"elementor-widget-wrap elementor-element-populated\">\n\t\t\t\t\t\t<section class=\"elementor-section elementor-inner-section elementor-element elementor-element-3fecbaf8 elementor-section-boxed elementor-section-height-default elementor-section-height-default\" data-id=\"3fecbaf8\" data-element_type=\"section\">\n\t\t\t\t\t\t<div class=\"elementor-container elementor-column-gap-default\">\n\t\t\t\t\t<div class=\"elementor-column elementor-col-100 elementor-inner-column elementor-element elementor-element-745e9058\" data-id=\"745e9058\" data-element_type=\"column\">\n\t\t\t<div class=\"elementor-widget-wrap elementor-element-populated\">\n\t\t\t\t\t\t<div class=\"elementor-element elementor-element-3cd9f5b3 elementor-widget elementor-widget-heading\" data-id=\"3cd9f5b3\" data-element_type=\"widget\" data-widget_type=\"heading.default\">\n\t\t\t\t<div class=\"elementor-widget-container\">\n\t\t\t\t\t<h4 class=\"elementor-heading-title elementor-size-default\">Cookies<\/h4>\t\t\t\t<\/div>\n\t\t\t\t<\/div>\n\t\t\t\t\t<\/div>\n\t\t<\/div>\n\t\t\t\t\t<\/div>\n\t\t<\/section>\n\t\t\t\t<div class=\"elementor-element elementor-element-973decb elementor-widget elementor-widget-text-editor\" data-id=\"973decb\" data-element_type=\"widget\" data-widget_type=\"text-editor.default\">\n\t\t\t\t<div class=\"elementor-widget-container\">\n\t\t\t\t\t\t\t\t\t<p><strong>Pere&nbsp;L\u00f3pez&nbsp;de&nbsp;Coca<\/strong>&nbsp;(en adelante \u201c<strong>PERE LOPEZ<\/strong>\u201d), con domicilio en C\/ de la Rutlla, 194, 17003 Girona, utiliza cookies para el funcionamiento de su sitio web.<\/p>\r\n<p>Las cookies son archivos de texto que contienen peque\u00f1as cantidades de informaci\u00f3n que se descargan en su ordenador o dispositivo m\u00f3vil cuando usted visita un sitio web. Las cookies se env\u00edan de vuelta al sitio web original en cada visita posterior, oa otro sitio web que las reconoce. Las cookies son \u00fatiles porque permiten a un sitio web reconocer el dispositivo del usuario. Las cookies pueden realizar diferentes funciones como permitir navegar entre las p\u00e1ginas de forma eficiente, recordando sus preferencias, y por lo general mejorar la navegaci\u00f3n del usuario.   <\/p>\r\n<p>En cuanto a&nbsp;<strong>tipus de cookies<\/strong>, se clasifican seg\u00fan la entidad que las gestione, as\u00ed, tenemos las propias y las de terceros seg\u00fan el plazo que permanecen activadas de sesi\u00f3n o persistentes, seg\u00fan su finalidad, t\u00e9cnicas, personalizaci\u00f3n, an\u00e1lisis, publicitarias y publicidad comportamental.<\/p>\r\n<p>Le informamos de los tipos de cookies que se utilizan en este sitio web y su finalidad:<\/p>\t\t\t\t\t\t\t\t<\/div>\n\t\t\t\t<\/div>\n\t\t\t\t<section class=\"elementor-section elementor-inner-section elementor-element elementor-element-407aed7d elementor-section-boxed elementor-section-height-default elementor-section-height-default\" data-id=\"407aed7d\" data-element_type=\"section\">\n\t\t\t\t\t\t<div class=\"elementor-container elementor-column-gap-default\">\n\t\t\t\t\t<div class=\"elementor-column elementor-col-50 elementor-inner-column elementor-element elementor-element-79a34cb0\" data-id=\"79a34cb0\" data-element_type=\"column\">\n\t\t\t<div class=\"elementor-widget-wrap elementor-element-populated\">\n\t\t\t\t\t\t<div class=\"elementor-element elementor-element-3ca497bf elementor-widget elementor-widget-accordion\" data-id=\"3ca497bf\" data-element_type=\"widget\" data-widget_type=\"accordion.default\">\n\t\t\t\t<div class=\"elementor-widget-container\">\n\t\t\t\t\t\t\t<div class=\"elementor-accordion\">\n\t\t\t\t\t\t\t<div class=\"elementor-accordion-item\">\n\t\t\t\t\t<h6 id=\"elementor-tab-title-1011\" class=\"elementor-tab-title\" data-tab=\"1\" role=\"button\" aria-controls=\"elementor-tab-content-1011\" aria-expanded=\"false\">\n\t\t\t\t\t\t\t\t\t\t\t\t\t<span class=\"elementor-accordion-icon elementor-accordion-icon-left\" aria-hidden=\"true\">\n\t\t\t\t\t\t\t\t\t\t\t\t\t\t\t<span class=\"elementor-accordion-icon-closed\"><i class=\"fas fa-plus\"><\/i><\/span>\n\t\t\t\t\t\t\t\t<span class=\"elementor-accordion-icon-opened\"><i class=\"fas fa-minus\"><\/i><\/span>\n\t\t\t\t\t\t\t\t\t\t\t\t\t\t<\/span>\n\t\t\t\t\t\t\t\t\t\t\t\t<a class=\"elementor-accordion-title\" tabindex=\"0\">DENOMINACI\u00d3N<\/a>\n\t\t\t\t\t<\/h6>\n\t\t\t\t\t<div id=\"elementor-tab-content-1011\" class=\"elementor-tab-content elementor-clearfix\" data-tab=\"1\" role=\"region\" aria-labelledby=\"elementor-tab-title-1011\"><p>Datos de navegaci\u00f3n del usuario<\/p>\n<\/div>\n\t\t\t\t<\/div>\n\t\t\t\t\t\t\t\t<\/div>\n\t\t\t\t\t\t<\/div>\n\t\t\t\t<\/div>\n\t\t\t\t<div class=\"elementor-element elementor-element-48fd319 elementor-widget elementor-widget-accordion\" data-id=\"48fd319\" data-element_type=\"widget\" data-widget_type=\"accordion.default\">\n\t\t\t\t<div class=\"elementor-widget-container\">\n\t\t\t\t\t\t\t<div class=\"elementor-accordion\">\n\t\t\t\t\t\t\t<div class=\"elementor-accordion-item\">\n\t\t\t\t\t<h6 id=\"elementor-tab-title-7651\" class=\"elementor-tab-title\" data-tab=\"1\" role=\"button\" aria-controls=\"elementor-tab-content-7651\" aria-expanded=\"false\">\n\t\t\t\t\t\t\t\t\t\t\t\t\t<span class=\"elementor-accordion-icon elementor-accordion-icon-left\" aria-hidden=\"true\">\n\t\t\t\t\t\t\t\t\t\t\t\t\t\t\t<span class=\"elementor-accordion-icon-closed\"><i class=\"fas fa-plus\"><\/i><\/span>\n\t\t\t\t\t\t\t\t<span class=\"elementor-accordion-icon-opened\"><i class=\"fas fa-minus\"><\/i><\/span>\n\t\t\t\t\t\t\t\t\t\t\t\t\t\t<\/span>\n\t\t\t\t\t\t\t\t\t\t\t\t<a class=\"elementor-accordion-title\" tabindex=\"0\">FINALIDAD<\/a>\n\t\t\t\t\t<\/h6>\n\t\t\t\t\t<div id=\"elementor-tab-content-7651\" class=\"elementor-tab-content elementor-clearfix\" data-tab=\"1\" role=\"region\" aria-labelledby=\"elementor-tab-title-7651\"><p>An\u00e1lisis y Publicitarias<\/p>\n<\/div>\n\t\t\t\t<\/div>\n\t\t\t\t\t\t\t\t<\/div>\n\t\t\t\t\t\t<\/div>\n\t\t\t\t<\/div>\n\t\t\t\t\t<\/div>\n\t\t<\/div>\n\t\t\t\t<div class=\"elementor-column elementor-col-50 elementor-inner-column elementor-element elementor-element-3dda8252\" data-id=\"3dda8252\" data-element_type=\"column\">\n\t\t\t<div class=\"elementor-widget-wrap elementor-element-populated\">\n\t\t\t\t\t\t<div class=\"elementor-element elementor-element-716aed26 elementor-widget elementor-widget-accordion\" data-id=\"716aed26\" data-element_type=\"widget\" data-widget_type=\"accordion.default\">\n\t\t\t\t<div class=\"elementor-widget-container\">\n\t\t\t\t\t\t\t<div class=\"elementor-accordion\">\n\t\t\t\t\t\t\t<div class=\"elementor-accordion-item\">\n\t\t\t\t\t<h6 id=\"elementor-tab-title-1901\" class=\"elementor-tab-title\" data-tab=\"1\" role=\"button\" aria-controls=\"elementor-tab-content-1901\" aria-expanded=\"false\">\n\t\t\t\t\t\t\t\t\t\t\t\t\t<span class=\"elementor-accordion-icon elementor-accordion-icon-left\" aria-hidden=\"true\">\n\t\t\t\t\t\t\t\t\t\t\t\t\t\t\t<span class=\"elementor-accordion-icon-closed\"><i class=\"fas fa-plus\"><\/i><\/span>\n\t\t\t\t\t\t\t\t<span class=\"elementor-accordion-icon-opened\"><i class=\"fas fa-minus\"><\/i><\/span>\n\t\t\t\t\t\t\t\t\t\t\t\t\t\t<\/span>\n\t\t\t\t\t\t\t\t\t\t\t\t<a class=\"elementor-accordion-title\" tabindex=\"0\">NOMBRE T\u00c9CNICO<\/a>\n\t\t\t\t\t<\/h6>\n\t\t\t\t\t<div id=\"elementor-tab-content-1901\" class=\"elementor-tab-content elementor-clearfix\" data-tab=\"1\" role=\"region\" aria-labelledby=\"elementor-tab-title-1901\"><p>__utma __utmb __utmc __utmz<\/p>\n<\/div>\n\t\t\t\t<\/div>\n\t\t\t\t\t\t\t\t<\/div>\n\t\t\t\t\t\t<\/div>\n\t\t\t\t<\/div>\n\t\t\t\t<div class=\"elementor-element elementor-element-dde65d3 elementor-widget elementor-widget-accordion\" data-id=\"dde65d3\" data-element_type=\"widget\" data-widget_type=\"accordion.default\">\n\t\t\t\t<div class=\"elementor-widget-container\">\n\t\t\t\t\t\t\t<div class=\"elementor-accordion\">\n\t\t\t\t\t\t\t<div class=\"elementor-accordion-item\">\n\t\t\t\t\t<h6 id=\"elementor-tab-title-2321\" class=\"elementor-tab-title\" data-tab=\"1\" role=\"button\" aria-controls=\"elementor-tab-content-2321\" aria-expanded=\"false\">\n\t\t\t\t\t\t\t\t\t\t\t\t\t<span class=\"elementor-accordion-icon elementor-accordion-icon-left\" aria-hidden=\"true\">\n\t\t\t\t\t\t\t\t\t\t\t\t\t\t\t<span class=\"elementor-accordion-icon-closed\"><i class=\"fas fa-plus\"><\/i><\/span>\n\t\t\t\t\t\t\t\t<span class=\"elementor-accordion-icon-opened\"><i class=\"fas fa-minus\"><\/i><\/span>\n\t\t\t\t\t\t\t\t\t\t\t\t\t\t<\/span>\n\t\t\t\t\t\t\t\t\t\t\t\t<a class=\"elementor-accordion-title\" tabindex=\"0\">INFORMACI\u00d3N RECOPILADA<\/a>\n\t\t\t\t\t<\/h6>\n\t\t\t\t\t<div id=\"elementor-tab-content-2321\" class=\"elementor-tab-content elementor-clearfix\" data-tab=\"1\" role=\"region\" aria-labelledby=\"elementor-tab-title-2321\"><p>P\u00e1ginas que visita, tiempo en la p\u00e1gina, de donde proviene la visita (buscador, m\u00f3vil, web..), datos geogr\u00e1ficos, datos t\u00e9cnicos (resoluci\u00f3n pantalla, sistema operativo..).P\u00e1ginas que visita, tiempo en la p\u00e1gina, de donde proviene la visita (buscador, m\u00f3vil, web..), datos geogr\u00e1ficos, datos t\u00e9cnicos (resoluci\u00f3n pantalla, sistema operativo..).<\/p>\n<\/div>\n\t\t\t\t<\/div>\n\t\t\t\t\t\t\t\t<\/div>\n\t\t\t\t\t\t<\/div>\n\t\t\t\t<\/div>\n\t\t\t\t\t<\/div>\n\t\t<\/div>\n\t\t\t\t\t<\/div>\n\t\t<\/section>\n\t\t\t\t<div class=\"elementor-element elementor-element-796befb9 elementor-widget elementor-widget-text-editor\" data-id=\"796befb9\" data-element_type=\"widget\" data-widget_type=\"text-editor.default\">\n\t\t\t\t<div class=\"elementor-widget-container\">\n\t\t\t\t\t\t\t\t\t<p>&nbsp;<\/p>\n<p><strong>PERE LOPEZ<\/strong> utiliza cookies de Google Analytics, la configuraci\u00f3n de estas cookies est\u00e1 predeterminada por el servicio que ofrece Google, por lo que le sugerimos que consulte la p\u00e1gina de privacidad de <a href=\"https:\/\/www.google.com\/analytics\/learn\/privacy.html?hl=ca\">Google Analytics<\/a>,\u00a0para obtener m\u00e1s informaci\u00f3n sobre las cookies que utiliza y c\u00f3mo deshabilitarlas (entendi\u00e9ndose que no somos responsables del contenido o la veracidad de los sitios web de terceros).<\/p>\n<p>El usuario puede libremente decidir sobre la implantaci\u00f3n o no en su disco duro de nuestras cookies y su eliminaci\u00f3n, siguiendo el procedimiento establecido en la secci\u00f3n de ayuda de su navegador. El usuario puede tambi\u00e9n configurar su navegador para aceptar o rechazar por defecto todas las cookies o para recibir un aviso en pantalla de la recepci\u00f3n de cada cookie y decidir en ese momento la implantaci\u00f3n o no en su disco duro.<\/p>\n\t\t\t\t\t\t\t\t<\/div>\n\t\t\t\t<\/div>\n\t\t\t\t\t<\/div>\n\t\t<\/div>\n\t\t\t\t\t<\/div>\n\t\t<\/section>\n\t\t\t\t<section class=\"elementor-section elementor-top-section elementor-element elementor-element-45fcd243 elementor-section-boxed elementor-section-height-default elementor-section-height-default\" data-id=\"45fcd243\" data-element_type=\"section\" data-settings=\"{&quot;background_background&quot;:&quot;classic&quot;}\">\n\t\t\t\t\t\t<div class=\"elementor-container elementor-column-gap-default\">\n\t\t\t\t\t<div class=\"elementor-column elementor-col-66 elementor-top-column elementor-element elementor-element-519e41eb\" data-id=\"519e41eb\" data-element_type=\"column\">\n\t\t\t<div class=\"elementor-widget-wrap elementor-element-populated\">\n\t\t\t\t\t\t<div class=\"elementor-element elementor-element-1b1cd4bf elementor-widget elementor-widget-heading\" data-id=\"1b1cd4bf\" data-element_type=\"widget\" data-widget_type=\"heading.default\">\n\t\t\t\t<div class=\"elementor-widget-container\">\n\t\t\t\t\t<h3 class=\"elementor-heading-title elementor-size-default\">Trabajamos juntos<\/h3>\t\t\t\t<\/div>\n\t\t\t\t<\/div>\n\t\t\t\t<div class=\"elementor-element elementor-element-4cac8b8d elementor-widget elementor-widget-text-editor\" data-id=\"4cac8b8d\" data-element_type=\"widget\" data-widget_type=\"text-editor.default\">\n\t\t\t\t<div class=\"elementor-widget-container\">\n\t\t\t\t\t\t\t\t\t<p>Confianza, calidad y experiencia<\/p>\n\t\t\t\t\t\t\t\t<\/div>\n\t\t\t\t<\/div>\n\t\t\t\t\t<\/div>\n\t\t<\/div>\n\t\t\t\t<div class=\"elementor-column elementor-col-33 elementor-top-column elementor-element elementor-element-7a097af8\" data-id=\"7a097af8\" data-element_type=\"column\">\n\t\t\t<div class=\"elementor-widget-wrap elementor-element-populated\">\n\t\t\t\t\t\t<div class=\"elementor-element elementor-element-57f6ca73 elementor-align-right elementor-mobile-align-center elementor-widget elementor-widget-button\" data-id=\"57f6ca73\" data-element_type=\"widget\" data-widget_type=\"button.default\">\n\t\t\t\t<div class=\"elementor-widget-container\">\n\t\t\t\t\t\t\t\t\t<div class=\"elementor-button-wrapper\">\n\t\t\t\t\t<a class=\"elementor-button elementor-button-link elementor-size-md\" href=\"https:\/\/perelopezdecoca.com\/es\/contacto\/\">\n\t\t\t\t\t\t<span class=\"elementor-button-content-wrapper\">\n\t\t\t\t\t\t\t\t\t<span class=\"elementor-button-text\">CONTACTA<\/span>\n\t\t\t\t\t<\/span>\n\t\t\t\t\t<\/a>\n\t\t\t\t<\/div>\n\t\t\t\t\t\t\t\t<\/div>\n\t\t\t\t<\/div>\n\t\t\t\t\t<\/div>\n\t\t<\/div>\n\t\t\t\t\t<\/div>\n\t\t<\/section>\n\t\t\t\t<\/div>\n\t\t","protected":false},"excerpt":{"rendered":"<p>Pol\u00edtica de Cookies Cookies Pere&nbsp;L\u00f3pez&nbsp;de&nbsp;Coca&nbsp;(en adelante \u201cPERE LOPEZ\u201d), con domicilio en C\/ de la Rutlla, 194, 17003 Girona, utiliza cookies para el funcionamiento de su sitio web. Las cookies son archivos de texto que contienen peque\u00f1as cantidades de informaci\u00f3n que se descargan en su ordenador o dispositivo m\u00f3vil cuando usted visita un sitio web. Las [&hellip;]<\/p>\n","protected":false},"author":1,"featured_media":0,"parent":0,"menu_order":300,"comment_status":"closed","ping_status":"closed","template":"elementor_header_footer","meta":{"footnotes":""},"class_list":["post-1999","page","type-page","status-publish","hentry"],"yoast_head":"<!-- This site is optimized with the Yoast SEO plugin v26.4 - https:\/\/yoast.com\/wordpress\/plugins\/seo\/ -->\n<title>Cookies - Advocats Girona<\/title>\n<meta name=\"robots\" content=\"index, follow, max-snippet:-1, max-image-preview:large, max-video-preview:-1\" \/>\n<link rel=\"canonical\" href=\"https:\/\/perelopezdecoca.com\/cookies\/\" \/>\n<meta property=\"og:locale\" content=\"es_ES\" \/>\n<meta property=\"og:type\" content=\"article\" \/>\n<meta property=\"og:title\" content=\"Cookies - Advocats Girona\" \/>\n<meta property=\"og:description\" content=\"Pol\u00edtica de Cookies Cookies Pere&nbsp;L\u00f3pez&nbsp;de&nbsp;Coca&nbsp;(en adelante \u201cPERE LOPEZ\u201d), con domicilio en C\/ de la Rutlla, 194, 17003 Girona, utiliza cookies para el funcionamiento de su sitio web. Las cookies son archivos de texto que contienen peque\u00f1as cantidades de informaci\u00f3n que se descargan en su ordenador o dispositivo m\u00f3vil cuando usted visita un sitio web. Las [&hellip;]\" \/>\n<meta property=\"og:url\" content=\"https:\/\/perelopezdecoca.com\/cookies\/\" \/>\n<meta property=\"og:site_name\" content=\"Advocats Girona\" \/>\n<meta property=\"article:modified_time\" content=\"2025-02-24T16:39:31+00:00\" \/>\n<meta name=\"twitter:card\" content=\"summary_large_image\" \/>\n<meta name=\"twitter:label1\" content=\"Tiempo de lectura\" \/>\n\t<meta name=\"twitter:data1\" content=\"2 minutos\" \/>\n<script type=\"application\/ld+json\" class=\"yoast-schema-graph\">{\"@context\":\"https:\/\/schema.org\",\"@graph\":[{\"@type\":\"WebPage\",\"@id\":\"https:\/\/perelopezdecoca.com\/cookies\/\",\"url\":\"https:\/\/perelopezdecoca.com\/cookies\/\",\"name\":\"Cookies - Advocats Girona\",\"isPartOf\":{\"@id\":\"https:\/\/perelopezdecoca.com\/#website\"},\"datePublished\":\"2022-05-20T08:41:34+00:00\",\"dateModified\":\"2025-02-24T16:39:31+00:00\",\"breadcrumb\":{\"@id\":\"https:\/\/perelopezdecoca.com\/cookies\/#breadcrumb\"},\"inLanguage\":\"es\",\"potentialAction\":[{\"@type\":\"ReadAction\",\"target\":[\"https:\/\/perelopezdecoca.com\/cookies\/\"]}]},{\"@type\":\"BreadcrumbList\",\"@id\":\"https:\/\/perelopezdecoca.com\/cookies\/#breadcrumb\",\"itemListElement\":[{\"@type\":\"ListItem\",\"position\":1,\"name\":\"Inici\",\"item\":\"https:\/\/perelopezdecoca.com\/es\/\"},{\"@type\":\"ListItem\",\"position\":2,\"name\":\"Cookies\"}]},{\"@type\":\"WebSite\",\"@id\":\"https:\/\/perelopezdecoca.com\/#website\",\"url\":\"https:\/\/perelopezdecoca.com\/\",\"name\":\"Advocats Girona\",\"description\":\"perelopezdecoca\",\"publisher\":{\"@id\":\"https:\/\/perelopezdecoca.com\/#organization\"},\"potentialAction\":[{\"@type\":\"SearchAction\",\"target\":{\"@type\":\"EntryPoint\",\"urlTemplate\":\"https:\/\/perelopezdecoca.com\/?s={search_term_string}\"},\"query-input\":{\"@type\":\"PropertyValueSpecification\",\"valueRequired\":true,\"valueName\":\"search_term_string\"}}],\"inLanguage\":\"es\"},{\"@type\":\"Organization\",\"@id\":\"https:\/\/perelopezdecoca.com\/#organization\",\"name\":\"Advocats Girona\",\"url\":\"https:\/\/perelopezdecoca.com\/\",\"logo\":{\"@type\":\"ImageObject\",\"inLanguage\":\"es\",\"@id\":\"https:\/\/perelopezdecoca.com\/#\/schema\/logo\/image\/\",\"url\":\"https:\/\/perelopezdecoca.com\/wp-content\/uploads\/cropped-LOGO-OK3.png\",\"contentUrl\":\"https:\/\/perelopezdecoca.com\/wp-content\/uploads\/cropped-LOGO-OK3.png\",\"width\":5449,\"height\":1324,\"caption\":\"Advocats Girona\"},\"image\":{\"@id\":\"https:\/\/perelopezdecoca.com\/#\/schema\/logo\/image\/\"}}]}<\/script>\n<!-- \/ Yoast SEO plugin. -->","yoast_head_json":{"title":"Cookies - Advocats Girona","robots":{"index":"index","follow":"follow","max-snippet":"max-snippet:-1","max-image-preview":"max-image-preview:large","max-video-preview":"max-video-preview:-1"},"canonical":"https:\/\/perelopezdecoca.com\/cookies\/","og_locale":"es_ES","og_type":"article","og_title":"Cookies - Advocats Girona","og_description":"Pol\u00edtica de Cookies Cookies Pere&nbsp;L\u00f3pez&nbsp;de&nbsp;Coca&nbsp;(en adelante \u201cPERE LOPEZ\u201d), con domicilio en C\/ de la Rutlla, 194, 17003 Girona, utiliza cookies para el funcionamiento de su sitio web. Las cookies son archivos de texto que contienen peque\u00f1as cantidades de informaci\u00f3n que se descargan en su ordenador o dispositivo m\u00f3vil cuando usted visita un sitio web. Las [&hellip;]","og_url":"https:\/\/perelopezdecoca.com\/cookies\/","og_site_name":"Advocats Girona","article_modified_time":"2025-02-24T16:39:31+00:00","twitter_card":"summary_large_image","twitter_misc":{"Tiempo de lectura":"2 minutos"},"schema":{"@context":"https:\/\/schema.org","@graph":[{"@type":"WebPage","@id":"https:\/\/perelopezdecoca.com\/cookies\/","url":"https:\/\/perelopezdecoca.com\/cookies\/","name":"Cookies - Advocats Girona","isPartOf":{"@id":"https:\/\/perelopezdecoca.com\/#website"},"datePublished":"2022-05-20T08:41:34+00:00","dateModified":"2025-02-24T16:39:31+00:00","breadcrumb":{"@id":"https:\/\/perelopezdecoca.com\/cookies\/#breadcrumb"},"inLanguage":"es","potentialAction":[{"@type":"ReadAction","target":["https:\/\/perelopezdecoca.com\/cookies\/"]}]},{"@type":"BreadcrumbList","@id":"https:\/\/perelopezdecoca.com\/cookies\/#breadcrumb","itemListElement":[{"@type":"ListItem","position":1,"name":"Inici","item":"https:\/\/perelopezdecoca.com\/es\/"},{"@type":"ListItem","position":2,"name":"Cookies"}]},{"@type":"WebSite","@id":"https:\/\/perelopezdecoca.com\/#website","url":"https:\/\/perelopezdecoca.com\/","name":"Advocats Girona","description":"perelopezdecoca","publisher":{"@id":"https:\/\/perelopezdecoca.com\/#organization"},"potentialAction":[{"@type":"SearchAction","target":{"@type":"EntryPoint","urlTemplate":"https:\/\/perelopezdecoca.com\/?s={search_term_string}"},"query-input":{"@type":"PropertyValueSpecification","valueRequired":true,"valueName":"search_term_string"}}],"inLanguage":"es"},{"@type":"Organization","@id":"https:\/\/perelopezdecoca.com\/#organization","name":"Advocats Girona","url":"https:\/\/perelopezdecoca.com\/","logo":{"@type":"ImageObject","inLanguage":"es","@id":"https:\/\/perelopezdecoca.com\/#\/schema\/logo\/image\/","url":"https:\/\/perelopezdecoca.com\/wp-content\/uploads\/cropped-LOGO-OK3.png","contentUrl":"https:\/\/perelopezdecoca.com\/wp-content\/uploads\/cropped-LOGO-OK3.png","width":5449,"height":1324,"caption":"Advocats Girona"},"image":{"@id":"https:\/\/perelopezdecoca.com\/#\/schema\/logo\/image\/"}}]}},"_links":{"self":[{"href":"https:\/\/perelopezdecoca.com\/es\/wp-json\/wp\/v2\/pages\/1999","targetHints":{"allow":["GET"]}}],"collection":[{"href":"https:\/\/perelopezdecoca.com\/es\/wp-json\/wp\/v2\/pages"}],"about":[{"href":"https:\/\/perelopezdecoca.com\/es\/wp-json\/wp\/v2\/types\/page"}],"author":[{"embeddable":true,"href":"https:\/\/perelopezdecoca.com\/es\/wp-json\/wp\/v2\/users\/1"}],"replies":[{"embeddable":true,"href":"https:\/\/perelopezdecoca.com\/es\/wp-json\/wp\/v2\/comments?post=1999"}],"version-history":[{"count":3,"href":"https:\/\/perelopezdecoca.com\/es\/wp-json\/wp\/v2\/pages\/1999\/revisions"}],"predecessor-version":[{"id":2481,"href":"https:\/\/perelopezdecoca.com\/es\/wp-json\/wp\/v2\/pages\/1999\/revisions\/2481"}],"wp:attachment":[{"href":"https:\/\/perelopezdecoca.com\/es\/wp-json\/wp\/v2\/media?parent=1999"}],"curies":[{"name":"wp","href":"https:\/\/api.w.org\/{rel}","templated":true}]}}