{"id":1995,"date":"2022-05-19T11:46:43","date_gmt":"2022-05-19T10:46:43","guid":{"rendered":"https:\/\/perelopezdecoca.com\/blog\/"},"modified":"2025-02-11T12:07:42","modified_gmt":"2025-02-11T11:07:42","slug":"blog","status":"publish","type":"page","link":"https:\/\/perelopezdecoca.com\/es\/blog\/","title":{"rendered":"Blog"},"content":{"rendered":"\t\t<div data-elementor-type=\"wp-page\" data-elementor-id=\"1995\" class=\"elementor elementor-1995 elementor-266\" data-elementor-post-type=\"page\">\n\t\t\t\t\t\t<section class=\"elementor-section elementor-top-section elementor-element elementor-element-85c3293 elementor-section-boxed elementor-section-height-default elementor-section-height-default\" data-id=\"85c3293\" data-element_type=\"section\" data-settings=\"{&quot;background_background&quot;:&quot;classic&quot;}\">\n\t\t\t\t\t\t\t<div class=\"elementor-background-overlay\"><\/div>\n\t\t\t\t\t\t\t<div class=\"elementor-container elementor-column-gap-default\">\n\t\t\t\t\t<div class=\"elementor-column elementor-col-100 elementor-top-column elementor-element elementor-element-4ce430e\" data-id=\"4ce430e\" data-element_type=\"column\">\n\t\t\t<div class=\"elementor-widget-wrap elementor-element-populated\">\n\t\t\t\t\t\t<div class=\"elementor-element elementor-element-67bd123d elementor-widget elementor-widget-heading\" data-id=\"67bd123d\" data-element_type=\"widget\" data-widget_type=\"heading.default\">\n\t\t\t\t<div class=\"elementor-widget-container\">\n\t\t\t\t\t<h1 class=\"elementor-heading-title elementor-size-default\">Actualidad<\/h1>\t\t\t\t<\/div>\n\t\t\t\t<\/div>\n\t\t\t\t<div class=\"elementor-element elementor-element-4c279201 elementor-widget elementor-widget-pp-divider\" data-id=\"4c279201\" data-element_type=\"widget\" data-widget_type=\"pp-divider.default\">\n\t\t\t\t<div class=\"elementor-widget-container\">\n\t\t\t\t\t\t\t<div class=\"pp-divider-wrap\">\n\t\t\t\t\t\t\t<div class=\"pp-divider pp-divider-horizontal horizontal\"><\/div>\n\t\t\t\t\t\t<\/div>    \n\t\t\t\t\t\t<\/div>\n\t\t\t\t<\/div>\n\t\t\t\t<div class=\"elementor-element elementor-element-57939db9 elementor-widget elementor-widget-text-editor\" data-id=\"57939db9\" data-element_type=\"widget\" data-widget_type=\"text-editor.default\">\n\t\t\t\t<div class=\"elementor-widget-container\">\n\t\t\t\t\t\t\t\t\t<p>Estate al d\u00eda de las \u00faltimas noticias relacionadas con leyes y consejos legales<\/p>\n\t\t\t\t\t\t\t\t<\/div>\n\t\t\t\t<\/div>\n\t\t\t\t\t<\/div>\n\t\t<\/div>\n\t\t\t\t\t<\/div>\n\t\t<\/section>\n\t\t\t\t<section class=\"elementor-section elementor-top-section elementor-element elementor-element-13f14e0a elementor-section-boxed elementor-section-height-default elementor-section-height-default\" data-id=\"13f14e0a\" data-element_type=\"section\">\n\t\t\t\t\t\t<div class=\"elementor-container elementor-column-gap-default\">\n\t\t\t\t\t<div class=\"elementor-column elementor-col-100 elementor-top-column elementor-element elementor-element-5ec7731b\" data-id=\"5ec7731b\" data-element_type=\"column\">\n\t\t\t<div class=\"elementor-widget-wrap elementor-element-populated\">\n\t\t\t\t\t\t<div class=\"elementor-element elementor-element-0b5788d elementor-grid-3 elementor-grid-tablet-2 elementor-grid-mobile-1 elementor-posts--thumbnail-top elementor-posts--show-avatar elementor-card-shadow-yes elementor-posts__hover-gradient elementor-widget elementor-widget-posts\" data-id=\"0b5788d\" data-element_type=\"widget\" data-settings=\"{&quot;pagination_type&quot;:&quot;numbers&quot;,&quot;cards_columns&quot;:&quot;3&quot;,&quot;cards_columns_tablet&quot;:&quot;2&quot;,&quot;cards_columns_mobile&quot;:&quot;1&quot;,&quot;cards_row_gap&quot;:{&quot;unit&quot;:&quot;px&quot;,&quot;size&quot;:35,&quot;sizes&quot;:[]},&quot;cards_row_gap_tablet&quot;:{&quot;unit&quot;:&quot;px&quot;,&quot;size&quot;:&quot;&quot;,&quot;sizes&quot;:[]},&quot;cards_row_gap_mobile&quot;:{&quot;unit&quot;:&quot;px&quot;,&quot;size&quot;:&quot;&quot;,&quot;sizes&quot;:[]}}\" data-widget_type=\"posts.cards\">\n\t\t\t\t<div class=\"elementor-widget-container\">\n\t\t\t\t\t\t\t<div class=\"elementor-posts-container elementor-posts elementor-posts--skin-cards elementor-grid\" role=\"list\">\n\t\t\t\t<article class=\"elementor-post elementor-grid-item post-2057 post type-post status-publish format-standard hentry category-sin-categorizar\" role=\"listitem\">\n\t\t\t<div class=\"elementor-post__card\">\n\t\t\t\t<div class=\"elementor-post__text\">\n\t\t\t\t<h3 class=\"elementor-post__title\">\n\t\t\t<a href=\"https:\/\/perelopezdecoca.com\/es\/sin-categorizar\/reduccion-salarial-hasta-que-punto-es-legal\/\" >\n\t\t\t\tReducci\u00f3n salarial, \u00bfhasta qu\u00e9 punto es legal?\t\t\t<\/a>\n\t\t<\/h3>\n\t\t\t\t<div class=\"elementor-post__excerpt\">\n\t\t\t<p>Reducci\u00f3n salarial, \u00bfhasta qu\u00e9 punto es legal? \u00bfQu\u00e9 es la reducci\u00f3n salarial? La reducci\u00f3n salarial es un hecho que afecta a gran cantidad de personas a diario pero \u00bfA qu\u00e9 se debe i&nbsp;con cu\u00e1les&nbsp;circunstancias&nbsp;se lleva? Contestar a estas preguntas&nbsp;es&nbsp;importante tanto por los derechos de trabajador como por los del empresario.s<\/p>\n\t\t<\/div>\n\t\t\n\t\t<a class=\"elementor-post__read-more\" href=\"https:\/\/perelopezdecoca.com\/es\/sin-categorizar\/reduccion-salarial-hasta-que-punto-es-legal\/\" aria-label=\"M\u00e1s informaci\u00f3n sobre Reducci\u00f3n salarial, \u00bfhasta qu\u00e9 punto es legal?\" tabindex=\"-1\" >\n\t\t\tLeer m\u00e1s \u00bb\t\t<\/a>\n\n\t\t\t\t<\/div>\n\t\t\t\t<div class=\"elementor-post__meta-data\">\n\t\t\t\t\t<span class=\"elementor-post-date\">\n\t\t\t21 de noviembre de 2022\t\t<\/span>\n\t\t\t\t<span class=\"elementor-post-avatar\">\n\t\t\tNo hay comentarios\t\t<\/span>\n\t\t\t\t<\/div>\n\t\t\t\t\t<\/div>\n\t\t<\/article>\n\t\t\t\t<article class=\"elementor-post elementor-grid-item post-2027 post type-post status-publish format-standard hentry category-sin-categorizar\" role=\"listitem\">\n\t\t\t<div class=\"elementor-post__card\">\n\t\t\t\t<div class=\"elementor-post__text\">\n\t\t\t\t<h3 class=\"elementor-post__title\">\n\t\t\t<a href=\"https:\/\/perelopezdecoca.com\/es\/sin-categorizar\/todo-lo-que-debes-saber-sobre-los-desahucios\/\" >\n\t\t\t\tTodo lo que debes saber sobre los desahucios\t\t\t<\/a>\n\t\t<\/h3>\n\t\t\t\t<div class=\"elementor-post__excerpt\">\n\t\t\t<p>Todo lo que debes saber sobre los desahucios Desde que se hace oficial la demanda por parte del propietario de la finca o inmueble arrendado hasta que la persona que no paga es desalojada, pasa cierto plazo de tiempo. El tiempo medio que tarda un desahucio en efectuarse y hacerse<\/p>\n\t\t<\/div>\n\t\t\n\t\t<a class=\"elementor-post__read-more\" href=\"https:\/\/perelopezdecoca.com\/es\/sin-categorizar\/todo-lo-que-debes-saber-sobre-los-desahucios\/\" aria-label=\"M\u00e1s informaci\u00f3n sobre Todo lo que debes saber sobre los desahucios\" tabindex=\"-1\" >\n\t\t\tLeer m\u00e1s \u00bb\t\t<\/a>\n\n\t\t\t\t<\/div>\n\t\t\t\t<div class=\"elementor-post__meta-data\">\n\t\t\t\t\t<span class=\"elementor-post-date\">\n\t\t\t21 de noviembre de 2022\t\t<\/span>\n\t\t\t\t<span class=\"elementor-post-avatar\">\n\t\t\tNo hay comentarios\t\t<\/span>\n\t\t\t\t<\/div>\n\t\t\t\t\t<\/div>\n\t\t<\/article>\n\t\t\t\t<article class=\"elementor-post elementor-grid-item post-2029 post type-post status-publish format-standard hentry category-sin-categorizar\" role=\"listitem\">\n\t\t\t<div class=\"elementor-post__card\">\n\t\t\t\t<div class=\"elementor-post__text\">\n\t\t\t\t<h3 class=\"elementor-post__title\">\n\t\t\t<a href=\"https:\/\/perelopezdecoca.com\/es\/sin-categorizar\/tipo-de-custodia-de-los-hijos\/\" >\n\t\t\t\tTipo de custodia de los hijos\t\t\t<\/a>\n\t\t<\/h3>\n\t\t\t\t<div class=\"elementor-post__excerpt\">\n\t\t\t<p>Tipo de custodia de los hijos En caso de separaci\u00f3n o divorcio, pensar cu\u00e1l ser\u00e1 la situaci\u00f3n de los hijos derivada de este hecho, siempre es complicado por parte de los progenitores. Sea cual sea la situaci\u00f3n, el que es evidente es que los padres quieren que si hay hijos<\/p>\n\t\t<\/div>\n\t\t\n\t\t<a class=\"elementor-post__read-more\" href=\"https:\/\/perelopezdecoca.com\/es\/sin-categorizar\/tipo-de-custodia-de-los-hijos\/\" aria-label=\"M\u00e1s informaci\u00f3n sobre Tipo de custodia de los hijos\" tabindex=\"-1\" >\n\t\t\tLeer m\u00e1s \u00bb\t\t<\/a>\n\n\t\t\t\t<\/div>\n\t\t\t\t<div class=\"elementor-post__meta-data\">\n\t\t\t\t\t<span class=\"elementor-post-date\">\n\t\t\t21 de noviembre de 2022\t\t<\/span>\n\t\t\t\t<span class=\"elementor-post-avatar\">\n\t\t\tNo hay comentarios\t\t<\/span>\n\t\t\t\t<\/div>\n\t\t\t\t\t<\/div>\n\t\t<\/article>\n\t\t\t\t<article class=\"elementor-post elementor-grid-item post-2031 post type-post status-publish format-standard hentry category-sin-categorizar\" role=\"listitem\">\n\t\t\t<div class=\"elementor-post__card\">\n\t\t\t\t<div class=\"elementor-post__text\">\n\t\t\t\t<h3 class=\"elementor-post__title\">\n\t\t\t<a href=\"https:\/\/perelopezdecoca.com\/es\/sin-categorizar\/la-campana-de-navidad-mas-contratos\/\" >\n\t\t\t\tLa campa\u00f1a de Navidad, m\u00e1s contratos.\t\t\t<\/a>\n\t\t<\/h3>\n\t\t\t\t<div class=\"elementor-post__excerpt\">\n\t\t\t<p>La campa\u00f1a de Navidad, m\u00e1s contratos. Seg\u00fan los estudios en Espa\u00f1a se han firmado aproximadamente 1.000.000 de contratos nuevos para la campa\u00f1a de Navidad. Cifra que supone un aumento del 7,3% respecto al a\u00f1o pasado. Todo y la incertidumbre pol\u00edtica y las advertencias del Fondo Monetario Internacional sobre una desaceleraci\u00f3n<\/p>\n\t\t<\/div>\n\t\t\n\t\t<a class=\"elementor-post__read-more\" href=\"https:\/\/perelopezdecoca.com\/es\/sin-categorizar\/la-campana-de-navidad-mas-contratos\/\" aria-label=\"M\u00e1s informaci\u00f3n sobre La campa\u00f1a de Navidad, m\u00e1s contratos.\" tabindex=\"-1\" >\n\t\t\tLeer m\u00e1s \u00bb\t\t<\/a>\n\n\t\t\t\t<\/div>\n\t\t\t\t<div class=\"elementor-post__meta-data\">\n\t\t\t\t\t<span class=\"elementor-post-date\">\n\t\t\t21 de noviembre de 2022\t\t<\/span>\n\t\t\t\t<span class=\"elementor-post-avatar\">\n\t\t\tNo hay comentarios\t\t<\/span>\n\t\t\t\t<\/div>\n\t\t\t\t\t<\/div>\n\t\t<\/article>\n\t\t\t\t<article class=\"elementor-post elementor-grid-item post-2033 post type-post status-publish format-standard hentry category-sin-categorizar\" role=\"listitem\">\n\t\t\t<div class=\"elementor-post__card\">\n\t\t\t\t<div class=\"elementor-post__text\">\n\t\t\t\t<h3 class=\"elementor-post__title\">\n\t\t\t<a href=\"https:\/\/perelopezdecoca.com\/es\/sin-categorizar\/el-derecho-laboral-en-el-entorno-de-trabajo\/\" >\n\t\t\t\tEl derecho laboral en el entorno de trabajo\t\t\t<\/a>\n\t\t<\/h3>\n\t\t\t\t<div class=\"elementor-post__excerpt\">\n\t\t\t<p>El derecho laboral en el entorno de trabajo Podemos decir que el Derecho Laboral&nbsp; encarga de regular las siguientes materias: La relaci\u00f3n individual entre el trabajador y el empresario. Las relaciones entre los representantes de los trabajadores (sindicatos) y los empresarios (asociaciones empresariales). Las relaciones que surgen entre los afiliados<\/p>\n\t\t<\/div>\n\t\t\n\t\t<a class=\"elementor-post__read-more\" href=\"https:\/\/perelopezdecoca.com\/es\/sin-categorizar\/el-derecho-laboral-en-el-entorno-de-trabajo\/\" aria-label=\"M\u00e1s informaci\u00f3n sobre El derecho laboral en el entorno de trabajo\" tabindex=\"-1\" >\n\t\t\tLeer m\u00e1s \u00bb\t\t<\/a>\n\n\t\t\t\t<\/div>\n\t\t\t\t<div class=\"elementor-post__meta-data\">\n\t\t\t\t\t<span class=\"elementor-post-date\">\n\t\t\t21 de noviembre de 2022\t\t<\/span>\n\t\t\t\t<span class=\"elementor-post-avatar\">\n\t\t\tNo hay comentarios\t\t<\/span>\n\t\t\t\t<\/div>\n\t\t\t\t\t<\/div>\n\t\t<\/article>\n\t\t\t\t<article class=\"elementor-post elementor-grid-item post-2035 post type-post status-publish format-standard hentry category-sin-categorizar\" role=\"listitem\">\n\t\t\t<div class=\"elementor-post__card\">\n\t\t\t\t<div class=\"elementor-post__text\">\n\t\t\t\t<h3 class=\"elementor-post__title\">\n\t\t\t<a href=\"https:\/\/perelopezdecoca.com\/es\/sin-categorizar\/aumento-de-divorcios-en-el-estado-espanol\/\" >\n\t\t\t\tAumento de divorcios en el Estado espa\u00f1ol\t\t\t<\/a>\n\t\t<\/h3>\n\t\t\t\t<div class=\"elementor-post__excerpt\">\n\t\t\t<p>Aumento de divorcios en el Estado espa\u00f1ol A&nbsp;Espa\u00f1a aumentan los divorcios, en el 2018 se quebraron 97.960 matrimonios en el 2017, seg\u00fan los datos de Eurostat. Es el noveno pa\u00eds de la Uni\u00f3n Europea con &nbsp;m\u00e1s separaciones. La estad\u00edstica muestra que 57 de 100 matrimonios en &nbsp;Espa\u00f1a terminan en divorcio.<\/p>\n\t\t<\/div>\n\t\t\n\t\t<a class=\"elementor-post__read-more\" href=\"https:\/\/perelopezdecoca.com\/es\/sin-categorizar\/aumento-de-divorcios-en-el-estado-espanol\/\" aria-label=\"M\u00e1s informaci\u00f3n sobre Aumento de divorcios en el Estado espa\u00f1ol\" tabindex=\"-1\" >\n\t\t\tLeer m\u00e1s \u00bb\t\t<\/a>\n\n\t\t\t\t<\/div>\n\t\t\t\t<div class=\"elementor-post__meta-data\">\n\t\t\t\t\t<span class=\"elementor-post-date\">\n\t\t\t21 de noviembre de 2022\t\t<\/span>\n\t\t\t\t<span class=\"elementor-post-avatar\">\n\t\t\tNo hay comentarios\t\t<\/span>\n\t\t\t\t<\/div>\n\t\t\t\t\t<\/div>\n\t\t<\/article>\n\t\t\t\t<\/div>\n\t\t\n\t\t\t\t<div class=\"e-load-more-anchor\" data-page=\"1\" data-max-page=\"4\" data-next-page=\"https:\/\/perelopezdecoca.com\/es\/wp-json\/wp\/v2\/pages\/1995\/page\/2\/\"><\/div>\n\t\t\t\t<nav class=\"elementor-pagination\" aria-label=\"Paginaci\u00f3n\">\n\t\t\t<span aria-current=\"page\" class=\"page-numbers current\"><span class=\"elementor-screen-only\">P\u00e1gina<\/span>1<\/span>\n<a class=\"page-numbers\" href=\"https:\/\/perelopezdecoca.com\/es\/wp-json\/wp\/v2\/pages\/1995\/page\/2\/\"><span class=\"elementor-screen-only\">P\u00e1gina<\/span>2<\/a>\n<a class=\"page-numbers\" href=\"https:\/\/perelopezdecoca.com\/es\/wp-json\/wp\/v2\/pages\/1995\/page\/3\/\"><span class=\"elementor-screen-only\">P\u00e1gina<\/span>3<\/a>\n<a class=\"page-numbers\" href=\"https:\/\/perelopezdecoca.com\/es\/wp-json\/wp\/v2\/pages\/1995\/page\/4\/\"><span class=\"elementor-screen-only\">P\u00e1gina<\/span>4<\/a>\t\t<\/nav>\n\t\t\t\t\t\t<\/div>\n\t\t\t\t<\/div>\n\t\t\t\t\t<\/div>\n\t\t<\/div>\n\t\t\t\t\t<\/div>\n\t\t<\/section>\n\t\t\t\t<section class=\"elementor-section elementor-top-section elementor-element elementor-element-376de86d elementor-section-boxed elementor-section-height-default elementor-section-height-default\" data-id=\"376de86d\" data-element_type=\"section\" data-settings=\"{&quot;background_background&quot;:&quot;classic&quot;}\">\n\t\t\t\t\t\t<div class=\"elementor-container elementor-column-gap-default\">\n\t\t\t\t\t<div class=\"elementor-column elementor-col-66 elementor-top-column elementor-element elementor-element-223ed2ec\" data-id=\"223ed2ec\" data-element_type=\"column\">\n\t\t\t<div class=\"elementor-widget-wrap elementor-element-populated\">\n\t\t\t\t\t\t<div class=\"elementor-element elementor-element-653682e8 elementor-widget elementor-widget-heading\" data-id=\"653682e8\" data-element_type=\"widget\" data-widget_type=\"heading.default\">\n\t\t\t\t<div class=\"elementor-widget-container\">\n\t\t\t\t\t<h3 class=\"elementor-heading-title elementor-size-default\">\u00bfTrabajamos juntos?<\/h3>\t\t\t\t<\/div>\n\t\t\t\t<\/div>\n\t\t\t\t<div class=\"elementor-element elementor-element-4cd0da88 elementor-widget elementor-widget-text-editor\" data-id=\"4cd0da88\" data-element_type=\"widget\" data-widget_type=\"text-editor.default\">\n\t\t\t\t<div class=\"elementor-widget-container\">\n\t\t\t\t\t\t\t\t\t<p>Confianza, calidad y experiencia<\/p>\n\t\t\t\t\t\t\t\t<\/div>\n\t\t\t\t<\/div>\n\t\t\t\t\t<\/div>\n\t\t<\/div>\n\t\t\t\t<div class=\"elementor-column elementor-col-33 elementor-top-column elementor-element elementor-element-224e5bd2\" data-id=\"224e5bd2\" data-element_type=\"column\">\n\t\t\t<div class=\"elementor-widget-wrap elementor-element-populated\">\n\t\t\t\t\t\t<div class=\"elementor-element elementor-element-3b7bfb35 elementor-align-right elementor-mobile-align-center elementor-widget elementor-widget-button\" data-id=\"3b7bfb35\" data-element_type=\"widget\" data-widget_type=\"button.default\">\n\t\t\t\t<div class=\"elementor-widget-container\">\n\t\t\t\t\t\t\t\t\t<div class=\"elementor-button-wrapper\">\n\t\t\t\t\t<a class=\"elementor-button elementor-button-link elementor-size-md\" href=\"https:\/\/perelopezdecoca.com\/es\/contacto\/\" rel=\"nofollow\" contactehome=\"\" id=\"2035\">\n\t\t\t\t\t\t<span class=\"elementor-button-content-wrapper\">\n\t\t\t\t\t\t\t\t\t<span class=\"elementor-button-text\">AV\u00cdSANOS<\/span>\n\t\t\t\t\t<\/span>\n\t\t\t\t\t<\/a>\n\t\t\t\t<\/div>\n\t\t\t\t\t\t\t\t<\/div>\n\t\t\t\t<\/div>\n\t\t\t\t\t<\/div>\n\t\t<\/div>\n\t\t\t\t\t<\/div>\n\t\t<\/section>\n\t\t\t\t<\/div>\n\t\t","protected":false},"excerpt":{"rendered":"<p>Actualidad Estate al d\u00eda de las \u00faltimas noticias relacionadas con leyes y consejos legales \u00bfTrabajamos juntos? Confianza, calidad y experiencia AV\u00cdSANOS<\/p>\n","protected":false},"author":1,"featured_media":0,"parent":0,"menu_order":0,"comment_status":"closed","ping_status":"closed","template":"elementor_header_footer","meta":{"footnotes":""},"class_list":["post-1995","page","type-page","status-publish","hentry"],"yoast_head":"<!-- This site is optimized with the Yoast SEO plugin v26.4 - https:\/\/yoast.com\/wordpress\/plugins\/seo\/ -->\n<title>Blog - Advocats Girona<\/title>\n<meta name=\"robots\" content=\"index, follow, max-snippet:-1, max-image-preview:large, max-video-preview:-1\" \/>\n<link rel=\"canonical\" href=\"https:\/\/perelopezdecoca.com\/es\/blog\/\" \/>\n<meta property=\"og:locale\" content=\"es_ES\" \/>\n<meta property=\"og:type\" content=\"article\" \/>\n<meta property=\"og:title\" content=\"Blog - Advocats Girona\" \/>\n<meta property=\"og:description\" content=\"Actualidad Estate al d\u00eda de las \u00faltimas noticias relacionadas con leyes y consejos legales \u00bfTrabajamos juntos? Confianza, calidad y experiencia AV\u00cdSANOS\" \/>\n<meta property=\"og:url\" content=\"https:\/\/perelopezdecoca.com\/es\/blog\/\" \/>\n<meta property=\"og:site_name\" content=\"Advocats Girona\" \/>\n<meta property=\"article:modified_time\" content=\"2025-02-11T11:07:42+00:00\" \/>\n<meta name=\"twitter:card\" content=\"summary_large_image\" \/>\n<script type=\"application\/ld+json\" class=\"yoast-schema-graph\">{\"@context\":\"https:\/\/schema.org\",\"@graph\":[{\"@type\":\"WebPage\",\"@id\":\"https:\/\/perelopezdecoca.com\/es\/blog\/\",\"url\":\"https:\/\/perelopezdecoca.com\/es\/blog\/\",\"name\":\"Blog - Advocats Girona\",\"isPartOf\":{\"@id\":\"https:\/\/perelopezdecoca.com\/#website\"},\"datePublished\":\"2022-05-19T10:46:43+00:00\",\"dateModified\":\"2025-02-11T11:07:42+00:00\",\"breadcrumb\":{\"@id\":\"https:\/\/perelopezdecoca.com\/es\/blog\/#breadcrumb\"},\"inLanguage\":\"es\",\"potentialAction\":[{\"@type\":\"ReadAction\",\"target\":[\"https:\/\/perelopezdecoca.com\/es\/blog\/\"]}]},{\"@type\":\"BreadcrumbList\",\"@id\":\"https:\/\/perelopezdecoca.com\/es\/blog\/#breadcrumb\",\"itemListElement\":[{\"@type\":\"ListItem\",\"position\":1,\"name\":\"Inici\",\"item\":\"https:\/\/perelopezdecoca.com\/es\/\"},{\"@type\":\"ListItem\",\"position\":2,\"name\":\"Blog\"}]},{\"@type\":\"WebSite\",\"@id\":\"https:\/\/perelopezdecoca.com\/#website\",\"url\":\"https:\/\/perelopezdecoca.com\/\",\"name\":\"Advocats Girona\",\"description\":\"perelopezdecoca\",\"publisher\":{\"@id\":\"https:\/\/perelopezdecoca.com\/#organization\"},\"potentialAction\":[{\"@type\":\"SearchAction\",\"target\":{\"@type\":\"EntryPoint\",\"urlTemplate\":\"https:\/\/perelopezdecoca.com\/?s={search_term_string}\"},\"query-input\":{\"@type\":\"PropertyValueSpecification\",\"valueRequired\":true,\"valueName\":\"search_term_string\"}}],\"inLanguage\":\"es\"},{\"@type\":\"Organization\",\"@id\":\"https:\/\/perelopezdecoca.com\/#organization\",\"name\":\"Advocats Girona\",\"url\":\"https:\/\/perelopezdecoca.com\/\",\"logo\":{\"@type\":\"ImageObject\",\"inLanguage\":\"es\",\"@id\":\"https:\/\/perelopezdecoca.com\/#\/schema\/logo\/image\/\",\"url\":\"https:\/\/perelopezdecoca.com\/wp-content\/uploads\/cropped-LOGO-OK3.png\",\"contentUrl\":\"https:\/\/perelopezdecoca.com\/wp-content\/uploads\/cropped-LOGO-OK3.png\",\"width\":5449,\"height\":1324,\"caption\":\"Advocats Girona\"},\"image\":{\"@id\":\"https:\/\/perelopezdecoca.com\/#\/schema\/logo\/image\/\"}}]}<\/script>\n<!-- \/ Yoast SEO plugin. -->","yoast_head_json":{"title":"Blog - Advocats Girona","robots":{"index":"index","follow":"follow","max-snippet":"max-snippet:-1","max-image-preview":"max-image-preview:large","max-video-preview":"max-video-preview:-1"},"canonical":"https:\/\/perelopezdecoca.com\/es\/blog\/","og_locale":"es_ES","og_type":"article","og_title":"Blog - Advocats Girona","og_description":"Actualidad Estate al d\u00eda de las \u00faltimas noticias relacionadas con leyes y consejos legales \u00bfTrabajamos juntos? Confianza, calidad y experiencia AV\u00cdSANOS","og_url":"https:\/\/perelopezdecoca.com\/es\/blog\/","og_site_name":"Advocats Girona","article_modified_time":"2025-02-11T11:07:42+00:00","twitter_card":"summary_large_image","schema":{"@context":"https:\/\/schema.org","@graph":[{"@type":"WebPage","@id":"https:\/\/perelopezdecoca.com\/es\/blog\/","url":"https:\/\/perelopezdecoca.com\/es\/blog\/","name":"Blog - Advocats Girona","isPartOf":{"@id":"https:\/\/perelopezdecoca.com\/#website"},"datePublished":"2022-05-19T10:46:43+00:00","dateModified":"2025-02-11T11:07:42+00:00","breadcrumb":{"@id":"https:\/\/perelopezdecoca.com\/es\/blog\/#breadcrumb"},"inLanguage":"es","potentialAction":[{"@type":"ReadAction","target":["https:\/\/perelopezdecoca.com\/es\/blog\/"]}]},{"@type":"BreadcrumbList","@id":"https:\/\/perelopezdecoca.com\/es\/blog\/#breadcrumb","itemListElement":[{"@type":"ListItem","position":1,"name":"Inici","item":"https:\/\/perelopezdecoca.com\/es\/"},{"@type":"ListItem","position":2,"name":"Blog"}]},{"@type":"WebSite","@id":"https:\/\/perelopezdecoca.com\/#website","url":"https:\/\/perelopezdecoca.com\/","name":"Advocats Girona","description":"perelopezdecoca","publisher":{"@id":"https:\/\/perelopezdecoca.com\/#organization"},"potentialAction":[{"@type":"SearchAction","target":{"@type":"EntryPoint","urlTemplate":"https:\/\/perelopezdecoca.com\/?s={search_term_string}"},"query-input":{"@type":"PropertyValueSpecification","valueRequired":true,"valueName":"search_term_string"}}],"inLanguage":"es"},{"@type":"Organization","@id":"https:\/\/perelopezdecoca.com\/#organization","name":"Advocats Girona","url":"https:\/\/perelopezdecoca.com\/","logo":{"@type":"ImageObject","inLanguage":"es","@id":"https:\/\/perelopezdecoca.com\/#\/schema\/logo\/image\/","url":"https:\/\/perelopezdecoca.com\/wp-content\/uploads\/cropped-LOGO-OK3.png","contentUrl":"https:\/\/perelopezdecoca.com\/wp-content\/uploads\/cropped-LOGO-OK3.png","width":5449,"height":1324,"caption":"Advocats Girona"},"image":{"@id":"https:\/\/perelopezdecoca.com\/#\/schema\/logo\/image\/"}}]}},"_links":{"self":[{"href":"https:\/\/perelopezdecoca.com\/es\/wp-json\/wp\/v2\/pages\/1995","targetHints":{"allow":["GET"]}}],"collection":[{"href":"https:\/\/perelopezdecoca.com\/es\/wp-json\/wp\/v2\/pages"}],"about":[{"href":"https:\/\/perelopezdecoca.com\/es\/wp-json\/wp\/v2\/types\/page"}],"author":[{"embeddable":true,"href":"https:\/\/perelopezdecoca.com\/es\/wp-json\/wp\/v2\/users\/1"}],"replies":[{"embeddable":true,"href":"https:\/\/perelopezdecoca.com\/es\/wp-json\/wp\/v2\/comments?post=1995"}],"version-history":[{"count":4,"href":"https:\/\/perelopezdecoca.com\/es\/wp-json\/wp\/v2\/pages\/1995\/revisions"}],"predecessor-version":[{"id":2304,"href":"https:\/\/perelopezdecoca.com\/es\/wp-json\/wp\/v2\/pages\/1995\/revisions\/2304"}],"wp:attachment":[{"href":"https:\/\/perelopezdecoca.com\/es\/wp-json\/wp\/v2\/media?parent=1995"}],"curies":[{"name":"wp","href":"https:\/\/api.w.org\/{rel}","templated":true}]}}